{"id":3932,"date":"2022-12-19T10:25:22","date_gmt":"2022-12-19T10:25:22","guid":{"rendered":"http:\/\/preview.peopleweek.com\/demander-une-demo\/"},"modified":"2026-02-09T11:26:44","modified_gmt":"2026-02-09T11:26:44","slug":"demander-une-demo","status":"publish","type":"page","link":"https:\/\/peopleweek.com\/fr\/demander-une-demo\/","title":{"rendered":"Demander une d\u00e9mo"},"content":{"rendered":"\n<style type=\"text\/css\" data-created_by=\"avia_inline_auto\" id=\"style-css-av-4kuqxt-39296521547bf636520cc3babc97218a\">\n.avia-section.av-4kuqxt-39296521547bf636520cc3babc97218a{\nbackground-repeat:no-repeat;\nbackground-image:url(https:\/\/peopleweek.com\/wp-content\/uploads\/2022\/12\/request-banner.jpg);\nbackground-position:50% 50%;\nbackground-attachment:scroll;\n}\n.avia-section.av-4kuqxt-39296521547bf636520cc3babc97218a .av-section-color-overlay{\nopacity:0.6;\nbackground-color:#084a79;\n}\n<\/style>\n<div id='av_section_1'  class='avia-section av-4kuqxt-39296521547bf636520cc3babc97218a main_color avia-section-default avia-no-border-styling  avia-builder-el-0  el_before_av_section  avia-builder-el-first  gc-banner-cov avia-bg-style-scroll av-section-color-overlay-active av-minimum-height av-minimum-height-custom  container_wrap fullsize'  data-section-bg-repeat='no-repeat' data-av_minimum_height_px='350'><div class=\"av-section-color-overlay-wrap\"><div class=\"av-section-color-overlay\"><\/div><div class='container av-section-cont-open' style='height:350px'><main  role=\"main\" itemprop=\"mainContentOfPage\"  class='template-page content  av-content-full alpha units'><div class='post-entry post-entry-type-page post-entry-3932'><div class='entry-content-wrapper clearfix'>\n<br \/>\n\n<style type=\"text\/css\" data-created_by=\"avia_inline_auto\" id=\"style-css-av-2cassh-3e4f733fcb5e5aa4813046ceb458df72\">\n#top .flex_column.av-2cassh-3e4f733fcb5e5aa4813046ceb458df72{\nmargin-top:0px;\nmargin-bottom:0px;\n}\n.flex_column.av-2cassh-3e4f733fcb5e5aa4813046ceb458df72{\n-webkit-border-radius:0px 0px 0px 0px;\n-moz-border-radius:0px 0px 0px 0px;\nborder-radius:0px 0px 0px 0px;\npadding:0px 0px 0px 0px;\n}\n.responsive #top #wrap_all .flex_column.av-2cassh-3e4f733fcb5e5aa4813046ceb458df72{\nmargin-top:0px;\nmargin-bottom:0px;\n}\n<\/style>\n<div class='flex_column av-2cassh-3e4f733fcb5e5aa4813046ceb458df72 av_one_full  avia-builder-el-1  avia-builder-el-no-sibling  customers-section-title gc-bannertitle first flex_column_div av-animated-generic left-to-right av-zero-column-padding '     ><style type=\"text\/css\" data-created_by=\"avia_inline_auto\" id=\"style-css-av-lbuspatk-bd0cf804881057bb56de9ba7b6ea91ee\">\n#top .av-special-heading.av-lbuspatk-bd0cf804881057bb56de9ba7b6ea91ee{\nmargin:0 0 0 0;\npadding-bottom:0;\ncolor:#ffffff;\nfont-size:3vw;\n}\nbody .av-special-heading.av-lbuspatk-bd0cf804881057bb56de9ba7b6ea91ee .av-special-heading-tag .heading-char{\nfont-size:25px;\n}\n#top #wrap_all .av-special-heading.av-lbuspatk-bd0cf804881057bb56de9ba7b6ea91ee .av-special-heading-tag{\nfont-size:3vw;\n}\n.av-special-heading.av-lbuspatk-bd0cf804881057bb56de9ba7b6ea91ee .special-heading-inner-border{\nborder-color:#ffffff;\n}\n.av-special-heading.av-lbuspatk-bd0cf804881057bb56de9ba7b6ea91ee .av-subheading{\nfont-size:25px;\n}\n\n@media only screen and (min-width: 480px) and (max-width: 767px){ \n#top #wrap_all .av-special-heading.av-lbuspatk-bd0cf804881057bb56de9ba7b6ea91ee .av-special-heading-tag{\nfont-size:0.8em;\n}\n}\n\n@media only screen and (max-width: 479px){ \n#top #wrap_all .av-special-heading.av-lbuspatk-bd0cf804881057bb56de9ba7b6ea91ee .av-special-heading-tag{\nfont-size:0.8em;\n}\n}\n<\/style>\n<div  class='av-special-heading av-lbuspatk-bd0cf804881057bb56de9ba7b6ea91ee av-special-heading-h2 custom-color-heading blockquote modern-quote modern-centered  avia-builder-el-2  avia-builder-el-no-sibling  av-inherit-size'><h2 class='av-special-heading-tag'  itemprop=\"headline\"  >Demander une d\u00e9mo<\/h2><div class=\"special-heading-border\"><div class=\"special-heading-inner-border\"><\/div><\/div><\/div><\/div>\n\n<\/div><\/div><\/main><!-- close content main element --><\/div><\/div><\/div><div id='av_section_2'  class='avia-section av-1hbkrb5-12cfd56fca1894572fc2cc08d07f4519 main_color avia-section-default avia-no-border-styling  avia-builder-el-3  el_after_av_section  avia-builder-el-last  avia-bg-style-scroll container_wrap fullsize'  ><div class='container av-section-cont-open' ><div class='template-page content  av-content-full alpha units'><div class='post-entry post-entry-type-page post-entry-3932'><div class='entry-content-wrapper clearfix'>\n<div class='flex_column_table av-mkn30bv7-3f621e616bb3f617895815e53f654223 sc-av_three_fifth av-mobile-columns-flex av-columns-reverse av-equal-height-column-flextable'><div class='flex_column av-mkn30bv7-3f621e616bb3f617895815e53f654223 av_three_fifth  avia-builder-el-4  el_before_av_two_fifth  avia-builder-el-first  first flex_column_table_cell av-equal-height-column av-align-top '     ><p><section  class='av_textblock_section av-1gnrujl-005268278dedb3213d53e067e13a37f1'  itemscope=\"itemscope\" itemtype=\"https:\/\/schema.org\/CreativeWork\" ><div class='avia_textblock gc-req-maintext av_inherit_color'  itemprop=\"text\" ><p>Pour planifier une d\u00e9monstration personnalis\u00e9e et en savoir plus sur notre solution, veuillez renseigner vos coordonn\u00e9es ci-dessous et l\u2019un de nos repr\u00e9sentants vous contactera.<\/p>\n<\/div><\/section><br \/>\n<form action=\"https:\/\/peopleweek.com\/fr\/demander-une-demo\/\" method=\"post\"  class=\"avia_ajax_form av-form-labels-visible   avia-builder-el-6  el_after_av_textblock  avia-builder-el-last  ppl-request-demo-form custom-form-icon  \" data-avia-form-id=\"1\" data-avia-redirect='' ><fieldset><p class='  first_form  form_element form_element_half' id='element_avia_1_1'><label for=\"avia_1_1\">Votre Nom <abbr class=\"required\" title=\"requis(e)\">*<\/abbr><\/label> <input name=\"avia_1_1\" class=\"text_input is_empty\" type=\"text\" id=\"avia_1_1\" value=\"\" \/><\/p><p class='  form_element form_element_half' id='element_avia_2_1'><label for=\"avia_2_1\">Votre Email <abbr class=\"required\" title=\"requis(e)\">*<\/abbr><\/label> <input name=\"avia_2_1\" class=\"text_input is_email\" type=\"text\" id=\"avia_2_1\" value=\"\" \/><\/p><p class='  first_form  form_element form_fullwidth' id='element_avia_3_1'><label for=\"avia_3_1\">Titre du poste : <abbr class=\"required\" title=\"requis(e)\">*<\/abbr><\/label> <input name=\"avia_3_1\" class=\"text_input is_empty\" type=\"text\" id=\"avia_3_1\" value=\"\" \/><\/p><p class='  first_form  form_element form_fullwidth' id='element_avia_4_1'><label for=\"avia_4_1\">Personnes (HCM) : Indiquez le nombre total de collaborateurs de votre organisation<\/label> <input name=\"avia_4_1\" class=\"text_input \" type=\"text\" id=\"avia_4_1\" value=\"\" \/><\/p><p class='  first_form  form_element form_fullwidth' id='element_avia_5_1'><label for=\"avia_5_1\" class=\"textare_label hidden textare_label_avia_5_1\">Commentaires<\/label><textarea  name=\"avia_5_1\" class=\"text_area \" cols=\"40\" rows=\"7\" id=\"avia_5_1\" ><\/textarea><\/p><p class=\"hidden\"><input type=\"text\" name=\"avia_6_1\" class=\"hidden \" id=\"avia_6_1\" value=\"\" \/><\/p><p class='   form_element form_fullwidth' id='element_avia_7_1'><span class='value_verifier_label'>3 + 4 = ?<\/span><input name=\"avia_7_1_verifier\" type=\"hidden\" id=\"avia_7_1_verifier\" value=\"484374777\"\/><label for=\"avia_7_1\">Merci de prouver que vous \u00eates un humain en donnant le r\u00e9sultat de cette op\u00e9ration <abbr class=\"required\" title=\"requis(e)\">*<\/abbr><\/label><input name=\"avia_7_1\" class=\"text_input captcha\" type=\"text\" id=\"avia_7_1\" value=\"\"\/><\/p><p class=\"form_element \"><input type=\"hidden\" value=\"1\" name=\"avia_generated_form1\" \/><input type=\"submit\" value=\"Soumettre\" class=\"button\"  data-sending-label=\"Envoi\"\/><\/p><\/fieldset><\/form><div id=\"ajaxresponse_1\" class=\"ajaxresponse ajaxresponse_1 hidden\"><\/div><\/p><\/div><div class='av-flex-placeholder'><\/div><div class='flex_column av-mkn2zkku-4fe1df4f9b8aca0e6696b7eb1cec6b2d av_two_fifth  avia-builder-el-7  el_after_av_three_fifth  avia-builder-el-last  flex_column_table_cell av-equal-height-column av-align-top '     ><p>\n<style type=\"text\/css\" data-created_by=\"avia_inline_auto\" id=\"style-css-av-mkn2guzi-2fbbd9936a0a4acd800e2423207234a2\">\n.avia-image-container.av-mkn2guzi-2fbbd9936a0a4acd800e2423207234a2 img.avia_image{\nbox-shadow:none;\n}\n.avia-image-container.av-mkn2guzi-2fbbd9936a0a4acd800e2423207234a2 .av-image-caption-overlay-center{\ncolor:#ffffff;\n}\n<\/style>\n<div  class='avia-image-container av-mkn2guzi-2fbbd9936a0a4acd800e2423207234a2 av-styling- avia-align-center  avia-builder-el-8  el_before_av_image  avia-builder-el-first '   itemprop=\"image\" itemscope=\"itemscope\" itemtype=\"https:\/\/schema.org\/ImageObject\" ><div class=\"avia-image-container-inner\"><div class=\"avia-image-overlay-wrap\"><img decoding=\"async\" class='wp-image-11204 avia-img-lazy-loading-not-11204 avia_image ' src=\"https:\/\/peopleweek.com\/wp-content\/uploads\/2026\/01\/rh.png\" alt='' title='rh'  height=\"1305\" width=\"1920\"  itemprop=\"thumbnailUrl\" srcset=\"https:\/\/peopleweek.com\/wp-content\/uploads\/2026\/01\/rh.png 1920w, https:\/\/peopleweek.com\/wp-content\/uploads\/2026\/01\/rh-300x204.png 300w, https:\/\/peopleweek.com\/wp-content\/uploads\/2026\/01\/rh-1030x700.png 1030w, https:\/\/peopleweek.com\/wp-content\/uploads\/2026\/01\/rh-768x522.png 768w, https:\/\/peopleweek.com\/wp-content\/uploads\/2026\/01\/rh-1536x1044.png 1536w, https:\/\/peopleweek.com\/wp-content\/uploads\/2026\/01\/rh-1500x1020.png 1500w, https:\/\/peopleweek.com\/wp-content\/uploads\/2026\/01\/rh-705x479.png 705w\" sizes=\"(max-width: 1920px) 100vw, 1920px\" \/><\/div><\/div><\/div><br \/>\n\n<style type=\"text\/css\" data-created_by=\"avia_inline_auto\" id=\"style-css-av-mlf370n9-4a8133c19ac6902ae247c53bc53b59b0\">\n.avia-image-container.av-mlf370n9-4a8133c19ac6902ae247c53bc53b59b0 img.avia_image{\nbox-shadow:none;\n}\n.avia-image-container.av-mlf370n9-4a8133c19ac6902ae247c53bc53b59b0 .av-image-caption-overlay-center{\ncolor:#ffffff;\n}\n<\/style>\n<div  class='avia-image-container av-mlf370n9-4a8133c19ac6902ae247c53bc53b59b0 av-styling- avia-align-center  avia-builder-el-9  el_after_av_image  avia-builder-el-last '   itemprop=\"image\" itemscope=\"itemscope\" itemtype=\"https:\/\/schema.org\/ImageObject\" ><div class=\"avia-image-container-inner\"><div class=\"avia-image-overlay-wrap\"><img decoding=\"async\" class='wp-image-11543 avia-img-lazy-loading-not-11543 avia_image ' src=\"https:\/\/peopleweek.com\/wp-content\/uploads\/2026\/02\/stamp_fr.png\" alt='' title='suisse_fr'  height=\"147\" width=\"871\"  itemprop=\"thumbnailUrl\" srcset=\"https:\/\/peopleweek.com\/wp-content\/uploads\/2026\/02\/stamp_fr.png 871w, https:\/\/peopleweek.com\/wp-content\/uploads\/2026\/02\/stamp_fr-300x51.png 300w, https:\/\/peopleweek.com\/wp-content\/uploads\/2026\/02\/stamp_fr-768x130.png 768w, https:\/\/peopleweek.com\/wp-content\/uploads\/2026\/02\/stamp_fr-705x119.png 705w\" sizes=\"(max-width: 871px) 100vw, 871px\" \/><\/div><\/div><\/div><\/p><\/div><\/div><!--close column table wrapper. Autoclose: 1 -->\n","protected":false},"excerpt":{"rendered":"","protected":false},"author":7,"featured_media":0,"parent":0,"menu_order":0,"comment_status":"closed","ping_status":"closed","template":"","meta":{"footnotes":""},"class_list":["post-3932","page","type-page","status-publish","hentry"],"yoast_head":"<!-- This site is optimized with the Yoast SEO plugin v23.8 - https:\/\/yoast.com\/wordpress\/plugins\/seo\/ -->\n<title>Demandez une D\u00e9monstration Gratuite du Logiciel RH de PeopleWeek<\/title>\n<meta name=\"description\" content=\"D\u00e9couvrez les avantages du logiciel RH de PeopleWeek en demandant une d\u00e9monstration gratuite d\u00e8s aujourd&#039;hui. D\u00e9couvrez comment nos solutions peuvent optimiser vos processus RH.\" \/>\n<meta name=\"robots\" content=\"index, follow, max-snippet:-1, max-image-preview:large, max-video-preview:-1\" \/>\n<link rel=\"canonical\" href=\"https:\/\/peopleweek.com\/fr\/demander-une-demo\/\" \/>\n<meta property=\"og:locale\" content=\"fr_FR\" \/>\n<meta property=\"og:type\" content=\"article\" \/>\n<meta property=\"og:title\" content=\"Demandez une D\u00e9monstration Gratuite du Logiciel RH de PeopleWeek\" \/>\n<meta property=\"og:description\" content=\"D\u00e9couvrez les avantages du logiciel RH de PeopleWeek en demandant une d\u00e9monstration gratuite d\u00e8s aujourd&#039;hui. D\u00e9couvrez comment nos solutions peuvent optimiser vos processus RH.\" \/>\n<meta property=\"og:url\" content=\"https:\/\/peopleweek.com\/fr\/demander-une-demo\/\" \/>\n<meta property=\"og:site_name\" content=\"PeopleWeek\" \/>\n<meta property=\"article:modified_time\" content=\"2026-02-09T11:26:44+00:00\" \/>\n<meta name=\"twitter:card\" content=\"summary_large_image\" \/>\n<meta name=\"twitter:label1\" content=\"Dur\u00e9e de lecture estim\u00e9e\" \/>\n\t<meta name=\"twitter:data1\" content=\"1 minute\" \/>\n<script type=\"application\/ld+json\" class=\"yoast-schema-graph\">{\"@context\":\"https:\/\/schema.org\",\"@graph\":[{\"@type\":\"WebPage\",\"@id\":\"https:\/\/peopleweek.com\/fr\/demander-une-demo\/\",\"url\":\"https:\/\/peopleweek.com\/fr\/demander-une-demo\/\",\"name\":\"Demandez une D\u00e9monstration Gratuite du Logiciel RH de PeopleWeek\",\"isPartOf\":{\"@id\":\"https:\/\/peopleweek.com\/en\/#website\"},\"datePublished\":\"2022-12-19T10:25:22+00:00\",\"dateModified\":\"2026-02-09T11:26:44+00:00\",\"description\":\"D\u00e9couvrez les avantages du logiciel RH de PeopleWeek en demandant une d\u00e9monstration gratuite d\u00e8s aujourd'hui. D\u00e9couvrez comment nos solutions peuvent optimiser vos processus RH.\",\"breadcrumb\":{\"@id\":\"https:\/\/peopleweek.com\/fr\/demander-une-demo\/#breadcrumb\"},\"inLanguage\":\"fr-FR\",\"potentialAction\":[{\"@type\":\"ReadAction\",\"target\":[\"https:\/\/peopleweek.com\/fr\/demander-une-demo\/\"]}]},{\"@type\":\"BreadcrumbList\",\"@id\":\"https:\/\/peopleweek.com\/fr\/demander-une-demo\/#breadcrumb\",\"itemListElement\":[{\"@type\":\"ListItem\",\"position\":1,\"name\":\"Home\",\"item\":\"https:\/\/peopleweek.com\/fr\/\"},{\"@type\":\"ListItem\",\"position\":2,\"name\":\"Demander une d\u00e9mo\"}]},{\"@type\":\"WebSite\",\"@id\":\"https:\/\/peopleweek.com\/en\/#website\",\"url\":\"https:\/\/peopleweek.com\/en\/\",\"name\":\"PeopleWeek\",\"description\":\"\",\"publisher\":{\"@id\":\"https:\/\/peopleweek.com\/en\/#organization\"},\"potentialAction\":[{\"@type\":\"SearchAction\",\"target\":{\"@type\":\"EntryPoint\",\"urlTemplate\":\"https:\/\/peopleweek.com\/en\/?s={search_term_string}\"},\"query-input\":{\"@type\":\"PropertyValueSpecification\",\"valueRequired\":true,\"valueName\":\"search_term_string\"}}],\"inLanguage\":\"fr-FR\"},{\"@type\":\"Organization\",\"@id\":\"https:\/\/peopleweek.com\/en\/#organization\",\"name\":\"PeopleWeek\",\"url\":\"https:\/\/peopleweek.com\/en\/\",\"logo\":{\"@type\":\"ImageObject\",\"inLanguage\":\"fr-FR\",\"@id\":\"https:\/\/peopleweek.com\/en\/#\/schema\/logo\/image\/\",\"url\":\"https:\/\/peopleweek.com\/wp-content\/uploads\/2024\/11\/pw-logo.png\",\"contentUrl\":\"https:\/\/peopleweek.com\/wp-content\/uploads\/2024\/11\/pw-logo.png\",\"width\":1484,\"height\":306,\"caption\":\"PeopleWeek\"},\"image\":{\"@id\":\"https:\/\/peopleweek.com\/en\/#\/schema\/logo\/image\/\"}}]}<\/script>\n<!-- \/ Yoast SEO plugin. -->","yoast_head_json":{"title":"Demandez une D\u00e9monstration Gratuite du Logiciel RH de PeopleWeek","description":"D\u00e9couvrez les avantages du logiciel RH de PeopleWeek en demandant une d\u00e9monstration gratuite d\u00e8s aujourd'hui. D\u00e9couvrez comment nos solutions peuvent optimiser vos processus RH.","robots":{"index":"index","follow":"follow","max-snippet":"max-snippet:-1","max-image-preview":"max-image-preview:large","max-video-preview":"max-video-preview:-1"},"canonical":"https:\/\/peopleweek.com\/fr\/demander-une-demo\/","og_locale":"fr_FR","og_type":"article","og_title":"Demandez une D\u00e9monstration Gratuite du Logiciel RH de PeopleWeek","og_description":"D\u00e9couvrez les avantages du logiciel RH de PeopleWeek en demandant une d\u00e9monstration gratuite d\u00e8s aujourd'hui. D\u00e9couvrez comment nos solutions peuvent optimiser vos processus RH.","og_url":"https:\/\/peopleweek.com\/fr\/demander-une-demo\/","og_site_name":"PeopleWeek","article_modified_time":"2026-02-09T11:26:44+00:00","twitter_card":"summary_large_image","twitter_misc":{"Dur\u00e9e de lecture estim\u00e9e":"1 minute"},"schema":{"@context":"https:\/\/schema.org","@graph":[{"@type":"WebPage","@id":"https:\/\/peopleweek.com\/fr\/demander-une-demo\/","url":"https:\/\/peopleweek.com\/fr\/demander-une-demo\/","name":"Demandez une D\u00e9monstration Gratuite du Logiciel RH de PeopleWeek","isPartOf":{"@id":"https:\/\/peopleweek.com\/en\/#website"},"datePublished":"2022-12-19T10:25:22+00:00","dateModified":"2026-02-09T11:26:44+00:00","description":"D\u00e9couvrez les avantages du logiciel RH de PeopleWeek en demandant une d\u00e9monstration gratuite d\u00e8s aujourd'hui. D\u00e9couvrez comment nos solutions peuvent optimiser vos processus RH.","breadcrumb":{"@id":"https:\/\/peopleweek.com\/fr\/demander-une-demo\/#breadcrumb"},"inLanguage":"fr-FR","potentialAction":[{"@type":"ReadAction","target":["https:\/\/peopleweek.com\/fr\/demander-une-demo\/"]}]},{"@type":"BreadcrumbList","@id":"https:\/\/peopleweek.com\/fr\/demander-une-demo\/#breadcrumb","itemListElement":[{"@type":"ListItem","position":1,"name":"Home","item":"https:\/\/peopleweek.com\/fr\/"},{"@type":"ListItem","position":2,"name":"Demander une d\u00e9mo"}]},{"@type":"WebSite","@id":"https:\/\/peopleweek.com\/en\/#website","url":"https:\/\/peopleweek.com\/en\/","name":"PeopleWeek","description":"","publisher":{"@id":"https:\/\/peopleweek.com\/en\/#organization"},"potentialAction":[{"@type":"SearchAction","target":{"@type":"EntryPoint","urlTemplate":"https:\/\/peopleweek.com\/en\/?s={search_term_string}"},"query-input":{"@type":"PropertyValueSpecification","valueRequired":true,"valueName":"search_term_string"}}],"inLanguage":"fr-FR"},{"@type":"Organization","@id":"https:\/\/peopleweek.com\/en\/#organization","name":"PeopleWeek","url":"https:\/\/peopleweek.com\/en\/","logo":{"@type":"ImageObject","inLanguage":"fr-FR","@id":"https:\/\/peopleweek.com\/en\/#\/schema\/logo\/image\/","url":"https:\/\/peopleweek.com\/wp-content\/uploads\/2024\/11\/pw-logo.png","contentUrl":"https:\/\/peopleweek.com\/wp-content\/uploads\/2024\/11\/pw-logo.png","width":1484,"height":306,"caption":"PeopleWeek"},"image":{"@id":"https:\/\/peopleweek.com\/en\/#\/schema\/logo\/image\/"}}]}},"_links":{"self":[{"href":"https:\/\/peopleweek.com\/fr\/wp-json\/wp\/v2\/pages\/3932","targetHints":{"allow":["GET"]}}],"collection":[{"href":"https:\/\/peopleweek.com\/fr\/wp-json\/wp\/v2\/pages"}],"about":[{"href":"https:\/\/peopleweek.com\/fr\/wp-json\/wp\/v2\/types\/page"}],"author":[{"embeddable":true,"href":"https:\/\/peopleweek.com\/fr\/wp-json\/wp\/v2\/users\/7"}],"replies":[{"embeddable":true,"href":"https:\/\/peopleweek.com\/fr\/wp-json\/wp\/v2\/comments?post=3932"}],"version-history":[{"count":81,"href":"https:\/\/peopleweek.com\/fr\/wp-json\/wp\/v2\/pages\/3932\/revisions"}],"predecessor-version":[{"id":11706,"href":"https:\/\/peopleweek.com\/fr\/wp-json\/wp\/v2\/pages\/3932\/revisions\/11706"}],"wp:attachment":[{"href":"https:\/\/peopleweek.com\/fr\/wp-json\/wp\/v2\/media?parent=3932"}],"curies":[{"name":"wp","href":"https:\/\/api.w.org\/{rel}","templated":true}]}}