{"id":3295,"date":"2015-07-16T09:12:44","date_gmt":"2015-07-16T09:12:44","guid":{"rendered":"http:\/\/preview.peopleweek.com\/clients\/"},"modified":"2026-02-18T11:09:55","modified_gmt":"2026-02-18T11:09:55","slug":"clients","status":"publish","type":"page","link":"https:\/\/peopleweek.com\/fr\/clients\/","title":{"rendered":"Clients"},"content":{"rendered":"<\/p>\n\n<style type=\"text\/css\" data-created_by=\"avia_inline_auto\" id=\"style-css-av-av_section-6be22e1a6bbb0a7d63386440ad646e49\">\n.avia-section.av-av_section-6be22e1a6bbb0a7d63386440ad646e49{\nbackground-repeat:repeat;\nbackground-image:url(https:\/\/peopleweek.com\/wp-content\/uploads\/2025\/11\/arriereplan-scaled.png);\nbackground-position:50% 50%;\nbackground-attachment:scroll;\n}\n.avia-section.av-av_section-6be22e1a6bbb0a7d63386440ad646e49 .av-section-color-overlay{\nopacity:0.6;\nbackground-color:#084a79;\n}\n<\/style>\n<div id='av_section_1'  class='avia-section av-av_section-6be22e1a6bbb0a7d63386440ad646e49 main_color avia-section-no-padding avia-no-border-styling  avia-builder-el-0  avia-builder-el-no-sibling  ppl-top-navigation gc-homebannecover avia-bg-style-scroll av-section-color-overlay-active av-minimum-height av-minimum-height-100 av-height-100  container_wrap fullsize'  data-section-bg-repeat='repeat' data-av_minimum_height_pc='100' data-av_min_height_opt='100'><div class=\"av-section-color-overlay-wrap\"><div class=\"av-section-color-overlay\"><\/div><div class='container av-section-cont-open' ><main  role=\"main\" itemprop=\"mainContentOfPage\"  class='template-page content  av-content-full alpha units'><div class='post-entry post-entry-type-page post-entry-3295'><div class='entry-content-wrapper clearfix'>\n\n<style type=\"text\/css\" data-created_by=\"avia_inline_auto\" id=\"style-css-av-av_one_full-4ee57ed8634b6da393c79057e27c6c39\">\n#top .flex_column.av-av_one_full-4ee57ed8634b6da393c79057e27c6c39{\nmargin-top:0px;\nmargin-bottom:0px;\n}\n.flex_column.av-av_one_full-4ee57ed8634b6da393c79057e27c6c39{\nborder-radius:0px 0px 0px 0px;\npadding:0px 0px 0px 0px;\n}\n.responsive #top #wrap_all .flex_column.av-av_one_full-4ee57ed8634b6da393c79057e27c6c39{\nmargin-top:0px;\nmargin-bottom:0px;\n}\n<\/style>\n<div  class='flex_column av-av_one_full-4ee57ed8634b6da393c79057e27c6c39 av_one_full  avia-builder-el-1  el_before_av_one_third  avia-builder-el-first  ppl-banner-section first flex_column_div av-animated-generic left-to-right av-zero-column-padding  '     ><p>\n<style type=\"text\/css\" data-created_by=\"avia_inline_auto\" id=\"style-css-av-mhxcwefy-68263ca3149e54aa2b6d7c342656a864\">\n#top .av-special-heading.av-mhxcwefy-68263ca3149e54aa2b6d7c342656a864{\nmargin:0 0 0 0;\npadding-bottom:0;\ncolor:#ffffff;\n}\nbody .av-special-heading.av-mhxcwefy-68263ca3149e54aa2b6d7c342656a864 .av-special-heading-tag .heading-char{\nfont-size:25px;\n}\n#top #wrap_all .av-special-heading.av-mhxcwefy-68263ca3149e54aa2b6d7c342656a864 .av-special-heading-tag{\npadding:30px 0 0 0;\n}\n.av-special-heading.av-mhxcwefy-68263ca3149e54aa2b6d7c342656a864 .special-heading-inner-border{\nborder-color:#ffffff;\n}\n.av-special-heading.av-mhxcwefy-68263ca3149e54aa2b6d7c342656a864 .av-subheading{\nfont-size:25px;\n}\n<\/style>\n<div  class='av-special-heading av-mhxcwefy-68263ca3149e54aa2b6d7c342656a864 av-special-heading-h2 custom-color-heading blockquote modern-quote modern-centered  avia-builder-el-2  el_before_av_textblock  avia-builder-el-first '><h2 class='av-special-heading-tag '  itemprop=\"headline\"  >Clients<\/h2><div class=\"special-heading-border\"><div class=\"special-heading-inner-border\"><\/div><\/div><\/div><br \/>\n\n<style type=\"text\/css\" data-created_by=\"avia_inline_auto\" id=\"style-css-av-mhxcuo6d-4c6399fc4de6059e38210a34ec6123d6\">\n#top .av_textblock_section.av-mhxcuo6d-4c6399fc4de6059e38210a34ec6123d6 .avia_textblock{\nfont-size:15px;\ncolor:#ffffff;\ntext-align:center;\n}\n\n@media only screen and (min-width: 990px){ \n#top .av_textblock_section.av-mhxcuo6d-4c6399fc4de6059e38210a34ec6123d6 .avia_textblock{\nfont-size:21px;\n}\n}\n\n@media only screen and (min-width: 768px) and (max-width: 989px){ \n#top .av_textblock_section.av-mhxcuo6d-4c6399fc4de6059e38210a34ec6123d6 .avia_textblock{\nfont-size:13px;\n}\n}\n\n@media only screen and (min-width: 480px) and (max-width: 767px){ \n#top .av_textblock_section.av-mhxcuo6d-4c6399fc4de6059e38210a34ec6123d6 .avia_textblock{\nfont-size:12px;\n}\n}\n\n@media only screen and (max-width: 479px){ \n#top .av_textblock_section.av-mhxcuo6d-4c6399fc4de6059e38210a34ec6123d6 .avia_textblock{\nfont-size:10px;\n}\n}\n<\/style>\n<section  class='av_textblock_section av-mhxcuo6d-4c6399fc4de6059e38210a34ec6123d6 '   itemscope=\"itemscope\" itemtype=\"https:\/\/schema.org\/CreativeWork\" ><div class='avia_textblock ppl-banner-section av_inherit_color'  itemprop=\"text\" ><p>PeopleWeek r\u00e9unit les personnes et la technologie, quel que soit l&rsquo;environnement de travail. Des bureaux aux cliniques, des commerces aux chantiers, des banques \u00e0 la logistique, notre plateforme s&rsquo;utilise facilement dans n&rsquo;importe quel secteur et pour n&rsquo;importe quelle taille d&rsquo;effectif.<\/p>\n<p><span class=\"inter-extralight\"> <b>PEOPLEWEEK ACCOMPAGNE LES RH DANS PLUS DE 20 SECTEURS D&rsquo;ACTIVIT\u00c9 \u00c0 TRAVERS LE MONDE.<\/b> <\/span><\/p>\n<p>Nos clients partagent une m\u00eame conviction : une solution RH performante doit simplifier la vie, et non la compliquer. PeopleWeek lib\u00e8re les collaborateurs, les managers et les RH des t\u00e2ches administratives, permettant ainsi aux entreprises de se concentrer sur l&rsquo;essentiel : leurs collaborateurs et leur activit\u00e9.<\/p>\n<p>Nous serons ravis de vous mettre en relation avec nos clients qui pourront vous faire part de leur exp\u00e9rience avec PeopleWeek.<\/p>\n<\/div><\/section><\/p><\/div><div class='flex_column_table av-mkn5q9ug-1b349d8d245fd6f3f2c08f9e2bf16329 sc-av_one_third av-equal-height-column-flextable'>\n<style type=\"text\/css\" data-created_by=\"avia_inline_auto\" id=\"style-css-av-mkn5q9ug-1b349d8d245fd6f3f2c08f9e2bf16329\">\n#top .flex_column_table.av-equal-height-column-flextable.av-mkn5q9ug-1b349d8d245fd6f3f2c08f9e2bf16329{\nmargin-top:0px;\nmargin-bottom:0px;\n}\n.flex_column.av-mkn5q9ug-1b349d8d245fd6f3f2c08f9e2bf16329{\nborder-radius:0px 0px 0px 0px;\npadding:0px 0px 0px 0px;\n}\n\n@media only screen and (min-width: 480px) and (max-width: 767px){ \n.flex_column.av-mkn5q9ug-1b349d8d245fd6f3f2c08f9e2bf16329{\npadding:0 0 0 0;\n}\n}\n<\/style>\n<div  class='flex_column av-mkn5q9ug-1b349d8d245fd6f3f2c08f9e2bf16329 av_one_third  avia-builder-el-4  el_after_av_one_full  el_before_av_one_third  first no_margin flex_column_table_cell av-equal-height-column av-align-middle av-animated-generic left-to-right av-zero-column-padding  column-top-margin'     ><style type=\"text\/css\" data-created_by=\"avia_inline_auto\" id=\"style-css-av-mhxd06r8-ea1e6037b71b1d4d6202ad98e3fe3427\">\n#top .av_textblock_section.av-mhxd06r8-ea1e6037b71b1d4d6202ad98e3fe3427 .avia_textblock{\nfont-size:15px;\ncolor:#ffffff;\ntext-align:center;\n}\n\n@media only screen and (min-width: 990px){ \n#top .av_textblock_section.av-mhxd06r8-ea1e6037b71b1d4d6202ad98e3fe3427 .avia_textblock{\nfont-size:21px;\n}\n}\n\n@media only screen and (min-width: 768px) and (max-width: 989px){ \n#top .av_textblock_section.av-mhxd06r8-ea1e6037b71b1d4d6202ad98e3fe3427 .avia_textblock{\nfont-size:13px;\n}\n}\n\n@media only screen and (min-width: 480px) and (max-width: 767px){ \n#top .av_textblock_section.av-mhxd06r8-ea1e6037b71b1d4d6202ad98e3fe3427 .avia_textblock{\nfont-size:12px;\n}\n}\n\n@media only screen and (max-width: 479px){ \n#top .av_textblock_section.av-mhxd06r8-ea1e6037b71b1d4d6202ad98e3fe3427 .avia_textblock{\nfont-size:10px;\n}\n}\n<\/style>\n<section  class='av_textblock_section av-mhxd06r8-ea1e6037b71b1d4d6202ad98e3fe3427 '   itemscope=\"itemscope\" itemtype=\"https:\/\/schema.org\/CreativeWork\" ><div class='avia_textblock ppl-banner-section av_inherit_color'  itemprop=\"text\" ><p>Commerce de d\u00e9tail<br \/>\nBanque<br \/>\nConstruction<br \/>\nImmobilier<br \/>\nGestion de patrimoine<br \/>\nHorlogerie<br \/>\nAudit et fiscalit\u00e9<br \/>\nFintech<br \/>\nSciences m\u00e9dicales<br \/>\nM\u00e9dias<\/p>\n<\/div><\/section><\/div>\n<style type=\"text\/css\" data-created_by=\"avia_inline_auto\" id=\"style-css-av-mkn63usm-d5c506ee0010844ba6cd039800b5f391\">\n#top .flex_column_table.av-equal-height-column-flextable.av-mkn63usm-d5c506ee0010844ba6cd039800b5f391{\nmargin-top:0px;\nmargin-bottom:0px;\n}\n.flex_column.av-mkn63usm-d5c506ee0010844ba6cd039800b5f391{\nborder-radius:0px 0px 0px 0px;\npadding:30px 0 30px 0;\n}\n<\/style>\n<div  class='flex_column av-mkn63usm-d5c506ee0010844ba6cd039800b5f391 av_one_third  avia-builder-el-6  el_after_av_one_third  el_before_av_one_third  ppl-banner-section no_margin flex_column_table_cell av-equal-height-column av-align-middle av-animated-generic left-to-right  column-top-margin'     ><style type=\"text\/css\" data-created_by=\"avia_inline_auto\" id=\"style-css-av-av_image-de2f8cdb667cf61611b08f7b43ec64cd\">\n.avia-image-container.av-av_image-de2f8cdb667cf61611b08f7b43ec64cd img.avia_image{\nbox-shadow:none;\n}\n.avia-image-container.av-av_image-de2f8cdb667cf61611b08f7b43ec64cd .av-image-caption-overlay-center{\ncolor:#ffffff;\n}\n<\/style>\n<div  class='avia-image-container av-av_image-de2f8cdb667cf61611b08f7b43ec64cd av-styling- avia-align-center  avia-builder-el-7  avia-builder-el-no-sibling '   itemprop=\"image\" itemscope=\"itemscope\" itemtype=\"https:\/\/schema.org\/ImageObject\" ><div class=\"avia-image-container-inner\"><div class=\"avia-image-overlay-wrap\"><img decoding=\"async\" fetchpriority=\"high\" class='wp-image-11027 avia-img-lazy-loading-not-11027 avia_image ' src=\"https:\/\/peopleweek.com\/wp-content\/uploads\/2025\/11\/visuel_clients-1474x1536.png\" alt='' title='visuel_clients'  height=\"1536\" width=\"1474\"  itemprop=\"thumbnailUrl\" srcset=\"https:\/\/peopleweek.com\/wp-content\/uploads\/2025\/11\/visuel_clients-1474x1536.png 1474w, https:\/\/peopleweek.com\/wp-content\/uploads\/2025\/11\/visuel_clients-288x300.png 288w, https:\/\/peopleweek.com\/wp-content\/uploads\/2025\/11\/visuel_clients-988x1030.png 988w, https:\/\/peopleweek.com\/wp-content\/uploads\/2025\/11\/visuel_clients-768x800.png 768w, https:\/\/peopleweek.com\/wp-content\/uploads\/2025\/11\/visuel_clients-1965x2048.png 1965w, https:\/\/peopleweek.com\/wp-content\/uploads\/2025\/11\/visuel_clients-1439x1500.png 1439w, https:\/\/peopleweek.com\/wp-content\/uploads\/2025\/11\/visuel_clients-676x705.png 676w\" sizes=\"(max-width: 1474px) 100vw, 1474px\" \/><\/div><\/div><\/div><\/div>\n<style type=\"text\/css\" data-created_by=\"avia_inline_auto\" id=\"style-css-av-mkn5wanj-f27eae015ee54fad80fb76730e9450ca\">\n#top .flex_column_table.av-equal-height-column-flextable.av-mkn5wanj-f27eae015ee54fad80fb76730e9450ca{\nmargin-top:0px;\nmargin-bottom:0px;\n}\n.flex_column.av-mkn5wanj-f27eae015ee54fad80fb76730e9450ca{\nborder-radius:0px 0px 0px 0px;\npadding:0px 0px 0px 0px;\n}\n<\/style>\n<div  class='flex_column av-mkn5wanj-f27eae015ee54fad80fb76730e9450ca av_one_third  avia-builder-el-8  el_after_av_one_third  avia-builder-el-last  ppl-banner-section no_margin flex_column_table_cell av-equal-height-column av-align-middle av-animated-generic left-to-right av-zero-column-padding  column-top-margin'     ><style type=\"text\/css\" data-created_by=\"avia_inline_auto\" id=\"style-css-av-mhxd39ad-252afffad8bc36ff94db91e1d3bc72d0\">\n#top .av_textblock_section.av-mhxd39ad-252afffad8bc36ff94db91e1d3bc72d0 .avia_textblock{\nfont-size:15px;\ncolor:#ffffff;\ntext-align:center;\n}\n\n@media only screen and (min-width: 990px){ \n#top .av_textblock_section.av-mhxd39ad-252afffad8bc36ff94db91e1d3bc72d0 .avia_textblock{\nfont-size:21px;\n}\n}\n\n@media only screen and (min-width: 768px) and (max-width: 989px){ \n#top .av_textblock_section.av-mhxd39ad-252afffad8bc36ff94db91e1d3bc72d0 .avia_textblock{\nfont-size:13px;\n}\n}\n\n@media only screen and (min-width: 480px) and (max-width: 767px){ \n#top .av_textblock_section.av-mhxd39ad-252afffad8bc36ff94db91e1d3bc72d0 .avia_textblock{\nfont-size:12px;\n}\n}\n\n@media only screen and (max-width: 479px){ \n#top .av_textblock_section.av-mhxd39ad-252afffad8bc36ff94db91e1d3bc72d0 .avia_textblock{\nfont-size:10px;\n}\n}\n<\/style>\n<section  class='av_textblock_section av-mhxd39ad-252afffad8bc36ff94db91e1d3bc72d0 '   itemscope=\"itemscope\" itemtype=\"https:\/\/schema.org\/CreativeWork\" ><div class='avia_textblock ppl-banner-section av_inherit_color'  itemprop=\"text\" ><p>Hygi\u00e8ne bucco-dentaire<br \/>\nCliniques m\u00e9dicales<br \/>\nAdministration locale<br \/>\ne-Commerce<br \/>\nBut non lucratif<br \/>\nServices RH<br \/>\nSport<br \/>\nMati\u00e8res premi\u00e8res<br \/>\n\u00c9nergie<br \/>\nCybers\u00e9curit\u00e9<\/p>\n<\/div><\/section><\/div><\/div><!--close column table wrapper. Autoclose: 1 -->\n","protected":false},"excerpt":{"rendered":"","protected":false},"author":7,"featured_media":0,"parent":0,"menu_order":0,"comment_status":"open","ping_status":"open","template":"","meta":{"footnotes":""},"class_list":["post-3295","page","type-page","status-publish","hentry"],"yoast_head":"<!-- This site is optimized with the Yoast SEO plugin v23.8 - https:\/\/yoast.com\/wordpress\/plugins\/seo\/ -->\n<title>Clients de PeopleWeek : Secteurs diversifi\u00e9s et entreprises de taille moyenne<\/title>\n<meta name=\"description\" content=\"D\u00e9couvrez la diversit\u00e9 des clients de PeopleWeek, couvrant plusieurs secteurs et entreprises de taille moyenne. Apprenez comment nos solutions r\u00e9pondent aux besoins vari\u00e9s des entreprises.\" \/>\n<meta name=\"robots\" content=\"index, follow, max-snippet:-1, max-image-preview:large, max-video-preview:-1\" \/>\n<link rel=\"canonical\" href=\"https:\/\/peopleweek.com\/fr\/clients\/\" \/>\n<meta property=\"og:locale\" content=\"fr_FR\" \/>\n<meta property=\"og:type\" content=\"article\" \/>\n<meta property=\"og:title\" content=\"Clients de PeopleWeek : Secteurs diversifi\u00e9s et entreprises de taille moyenne\" \/>\n<meta property=\"og:description\" content=\"D\u00e9couvrez la diversit\u00e9 des clients de PeopleWeek, couvrant plusieurs secteurs et entreprises de taille moyenne. Apprenez comment nos solutions r\u00e9pondent aux besoins vari\u00e9s des entreprises.\" \/>\n<meta property=\"og:url\" content=\"https:\/\/peopleweek.com\/fr\/clients\/\" \/>\n<meta property=\"og:site_name\" content=\"PeopleWeek\" \/>\n<meta property=\"article:modified_time\" content=\"2026-02-18T11:09:55+00:00\" \/>\n<meta name=\"twitter:card\" content=\"summary_large_image\" \/>\n<meta name=\"twitter:label1\" content=\"Dur\u00e9e de lecture estim\u00e9e\" \/>\n\t<meta name=\"twitter:data1\" content=\"1 minute\" \/>\n<script type=\"application\/ld+json\" class=\"yoast-schema-graph\">{\"@context\":\"https:\/\/schema.org\",\"@graph\":[{\"@type\":\"WebPage\",\"@id\":\"https:\/\/peopleweek.com\/fr\/clients\/\",\"url\":\"https:\/\/peopleweek.com\/fr\/clients\/\",\"name\":\"Clients de PeopleWeek : Secteurs diversifi\u00e9s et entreprises de taille moyenne\",\"isPartOf\":{\"@id\":\"https:\/\/peopleweek.com\/en\/#website\"},\"datePublished\":\"2015-07-16T09:12:44+00:00\",\"dateModified\":\"2026-02-18T11:09:55+00:00\",\"description\":\"D\u00e9couvrez la diversit\u00e9 des clients de PeopleWeek, couvrant plusieurs secteurs et entreprises de taille moyenne. Apprenez comment nos solutions r\u00e9pondent aux besoins vari\u00e9s des entreprises.\",\"breadcrumb\":{\"@id\":\"https:\/\/peopleweek.com\/fr\/clients\/#breadcrumb\"},\"inLanguage\":\"fr-FR\",\"potentialAction\":[{\"@type\":\"ReadAction\",\"target\":[\"https:\/\/peopleweek.com\/fr\/clients\/\"]}]},{\"@type\":\"BreadcrumbList\",\"@id\":\"https:\/\/peopleweek.com\/fr\/clients\/#breadcrumb\",\"itemListElement\":[{\"@type\":\"ListItem\",\"position\":1,\"name\":\"Home\",\"item\":\"https:\/\/peopleweek.com\/fr\/\"},{\"@type\":\"ListItem\",\"position\":2,\"name\":\"Clients\"}]},{\"@type\":\"WebSite\",\"@id\":\"https:\/\/peopleweek.com\/en\/#website\",\"url\":\"https:\/\/peopleweek.com\/en\/\",\"name\":\"PeopleWeek\",\"description\":\"\",\"publisher\":{\"@id\":\"https:\/\/peopleweek.com\/en\/#organization\"},\"potentialAction\":[{\"@type\":\"SearchAction\",\"target\":{\"@type\":\"EntryPoint\",\"urlTemplate\":\"https:\/\/peopleweek.com\/en\/?s={search_term_string}\"},\"query-input\":{\"@type\":\"PropertyValueSpecification\",\"valueRequired\":true,\"valueName\":\"search_term_string\"}}],\"inLanguage\":\"fr-FR\"},{\"@type\":\"Organization\",\"@id\":\"https:\/\/peopleweek.com\/en\/#organization\",\"name\":\"PeopleWeek\",\"url\":\"https:\/\/peopleweek.com\/en\/\",\"logo\":{\"@type\":\"ImageObject\",\"inLanguage\":\"fr-FR\",\"@id\":\"https:\/\/peopleweek.com\/en\/#\/schema\/logo\/image\/\",\"url\":\"https:\/\/peopleweek.com\/wp-content\/uploads\/2024\/11\/pw-logo.png\",\"contentUrl\":\"https:\/\/peopleweek.com\/wp-content\/uploads\/2024\/11\/pw-logo.png\",\"width\":1484,\"height\":306,\"caption\":\"PeopleWeek\"},\"image\":{\"@id\":\"https:\/\/peopleweek.com\/en\/#\/schema\/logo\/image\/\"}}]}<\/script>\n<!-- \/ Yoast SEO plugin. -->","yoast_head_json":{"title":"Clients de PeopleWeek : Secteurs diversifi\u00e9s et entreprises de taille moyenne","description":"D\u00e9couvrez la diversit\u00e9 des clients de PeopleWeek, couvrant plusieurs secteurs et entreprises de taille moyenne. Apprenez comment nos solutions r\u00e9pondent aux besoins vari\u00e9s des entreprises.","robots":{"index":"index","follow":"follow","max-snippet":"max-snippet:-1","max-image-preview":"max-image-preview:large","max-video-preview":"max-video-preview:-1"},"canonical":"https:\/\/peopleweek.com\/fr\/clients\/","og_locale":"fr_FR","og_type":"article","og_title":"Clients de PeopleWeek : Secteurs diversifi\u00e9s et entreprises de taille moyenne","og_description":"D\u00e9couvrez la diversit\u00e9 des clients de PeopleWeek, couvrant plusieurs secteurs et entreprises de taille moyenne. Apprenez comment nos solutions r\u00e9pondent aux besoins vari\u00e9s des entreprises.","og_url":"https:\/\/peopleweek.com\/fr\/clients\/","og_site_name":"PeopleWeek","article_modified_time":"2026-02-18T11:09:55+00:00","twitter_card":"summary_large_image","twitter_misc":{"Dur\u00e9e de lecture estim\u00e9e":"1 minute"},"schema":{"@context":"https:\/\/schema.org","@graph":[{"@type":"WebPage","@id":"https:\/\/peopleweek.com\/fr\/clients\/","url":"https:\/\/peopleweek.com\/fr\/clients\/","name":"Clients de PeopleWeek : Secteurs diversifi\u00e9s et entreprises de taille moyenne","isPartOf":{"@id":"https:\/\/peopleweek.com\/en\/#website"},"datePublished":"2015-07-16T09:12:44+00:00","dateModified":"2026-02-18T11:09:55+00:00","description":"D\u00e9couvrez la diversit\u00e9 des clients de PeopleWeek, couvrant plusieurs secteurs et entreprises de taille moyenne. Apprenez comment nos solutions r\u00e9pondent aux besoins vari\u00e9s des entreprises.","breadcrumb":{"@id":"https:\/\/peopleweek.com\/fr\/clients\/#breadcrumb"},"inLanguage":"fr-FR","potentialAction":[{"@type":"ReadAction","target":["https:\/\/peopleweek.com\/fr\/clients\/"]}]},{"@type":"BreadcrumbList","@id":"https:\/\/peopleweek.com\/fr\/clients\/#breadcrumb","itemListElement":[{"@type":"ListItem","position":1,"name":"Home","item":"https:\/\/peopleweek.com\/fr\/"},{"@type":"ListItem","position":2,"name":"Clients"}]},{"@type":"WebSite","@id":"https:\/\/peopleweek.com\/en\/#website","url":"https:\/\/peopleweek.com\/en\/","name":"PeopleWeek","description":"","publisher":{"@id":"https:\/\/peopleweek.com\/en\/#organization"},"potentialAction":[{"@type":"SearchAction","target":{"@type":"EntryPoint","urlTemplate":"https:\/\/peopleweek.com\/en\/?s={search_term_string}"},"query-input":{"@type":"PropertyValueSpecification","valueRequired":true,"valueName":"search_term_string"}}],"inLanguage":"fr-FR"},{"@type":"Organization","@id":"https:\/\/peopleweek.com\/en\/#organization","name":"PeopleWeek","url":"https:\/\/peopleweek.com\/en\/","logo":{"@type":"ImageObject","inLanguage":"fr-FR","@id":"https:\/\/peopleweek.com\/en\/#\/schema\/logo\/image\/","url":"https:\/\/peopleweek.com\/wp-content\/uploads\/2024\/11\/pw-logo.png","contentUrl":"https:\/\/peopleweek.com\/wp-content\/uploads\/2024\/11\/pw-logo.png","width":1484,"height":306,"caption":"PeopleWeek"},"image":{"@id":"https:\/\/peopleweek.com\/en\/#\/schema\/logo\/image\/"}}]}},"_links":{"self":[{"href":"https:\/\/peopleweek.com\/fr\/wp-json\/wp\/v2\/pages\/3295","targetHints":{"allow":["GET"]}}],"collection":[{"href":"https:\/\/peopleweek.com\/fr\/wp-json\/wp\/v2\/pages"}],"about":[{"href":"https:\/\/peopleweek.com\/fr\/wp-json\/wp\/v2\/types\/page"}],"author":[{"embeddable":true,"href":"https:\/\/peopleweek.com\/fr\/wp-json\/wp\/v2\/users\/7"}],"replies":[{"embeddable":true,"href":"https:\/\/peopleweek.com\/fr\/wp-json\/wp\/v2\/comments?post=3295"}],"version-history":[{"count":173,"href":"https:\/\/peopleweek.com\/fr\/wp-json\/wp\/v2\/pages\/3295\/revisions"}],"predecessor-version":[{"id":11587,"href":"https:\/\/peopleweek.com\/fr\/wp-json\/wp\/v2\/pages\/3295\/revisions\/11587"}],"wp:attachment":[{"href":"https:\/\/peopleweek.com\/fr\/wp-json\/wp\/v2\/media?parent=3295"}],"curies":[{"name":"wp","href":"https:\/\/api.w.org\/{rel}","templated":true}]}}