{"id":3267,"date":"2015-07-16T09:12:44","date_gmt":"2015-07-16T09:12:44","guid":{"rendered":"http:\/\/preview.peopleweek.com\/kunden\/"},"modified":"2026-02-18T11:28:10","modified_gmt":"2026-02-18T11:28:10","slug":"kunden","status":"publish","type":"page","link":"https:\/\/peopleweek.com\/de\/kunden\/","title":{"rendered":"Kunden"},"content":{"rendered":"<\/p>\n\n<style type=\"text\/css\" data-created_by=\"avia_inline_auto\" id=\"style-css-av-av_section-6be22e1a6bbb0a7d63386440ad646e49\">\n.avia-section.av-av_section-6be22e1a6bbb0a7d63386440ad646e49{\nbackground-repeat:repeat;\nbackground-image:url(https:\/\/peopleweek.com\/wp-content\/uploads\/2025\/11\/arriereplan-scaled.png);\nbackground-position:50% 50%;\nbackground-attachment:scroll;\n}\n.avia-section.av-av_section-6be22e1a6bbb0a7d63386440ad646e49 .av-section-color-overlay{\nopacity:0.6;\nbackground-color:#084a79;\n}\n<\/style>\n<div id='av_section_1'  class='avia-section av-av_section-6be22e1a6bbb0a7d63386440ad646e49 main_color avia-section-no-padding avia-no-border-styling  avia-builder-el-0  avia-builder-el-no-sibling  ppl-top-navigation gc-homebannecover avia-bg-style-scroll av-section-color-overlay-active av-minimum-height av-minimum-height-100  container_wrap fullsize'  data-section-bg-repeat='repeat' data-av_minimum_height_pc='100'><div class=\"av-section-color-overlay-wrap\"><div class=\"av-section-color-overlay\"><\/div><div class='container av-section-cont-open' ><main  role=\"main\" itemprop=\"mainContentOfPage\"  class='template-page content  av-content-full alpha units'><div class='post-entry post-entry-type-page post-entry-3267'><div class='entry-content-wrapper clearfix'>\n\n<style type=\"text\/css\" data-created_by=\"avia_inline_auto\" id=\"style-css-av-av_one_full-4ee57ed8634b6da393c79057e27c6c39\">\n#top .flex_column.av-av_one_full-4ee57ed8634b6da393c79057e27c6c39{\nmargin-top:0px;\nmargin-bottom:0px;\n}\n.flex_column.av-av_one_full-4ee57ed8634b6da393c79057e27c6c39{\n-webkit-border-radius:0px 0px 0px 0px;\n-moz-border-radius:0px 0px 0px 0px;\nborder-radius:0px 0px 0px 0px;\npadding:0px 0px 0px 0px;\n}\n.responsive #top #wrap_all .flex_column.av-av_one_full-4ee57ed8634b6da393c79057e27c6c39{\nmargin-top:0px;\nmargin-bottom:0px;\n}\n<\/style>\n<div class='flex_column av-av_one_full-4ee57ed8634b6da393c79057e27c6c39 av_one_full  avia-builder-el-1  el_before_av_one_third  avia-builder-el-first  ppl-banner-section first flex_column_div av-animated-generic left-to-right av-zero-column-padding '     ><p>\n<style type=\"text\/css\" data-created_by=\"avia_inline_auto\" id=\"style-css-av-mhxduyt8-1959ad4f5067a72cd34d35ccd5b906c6\">\n#top .av-special-heading.av-mhxduyt8-1959ad4f5067a72cd34d35ccd5b906c6{\nmargin:0 0 0 0;\npadding-bottom:0;\ncolor:#ffffff;\n}\nbody .av-special-heading.av-mhxduyt8-1959ad4f5067a72cd34d35ccd5b906c6 .av-special-heading-tag .heading-char{\nfont-size:25px;\n}\n#top #wrap_all .av-special-heading.av-mhxduyt8-1959ad4f5067a72cd34d35ccd5b906c6 .av-special-heading-tag{\npadding:30px 0 0 0;\n}\n.av-special-heading.av-mhxduyt8-1959ad4f5067a72cd34d35ccd5b906c6 .special-heading-inner-border{\nborder-color:#ffffff;\n}\n.av-special-heading.av-mhxduyt8-1959ad4f5067a72cd34d35ccd5b906c6 .av-subheading{\nfont-size:25px;\n}\n<\/style>\n<div  class='av-special-heading av-mhxduyt8-1959ad4f5067a72cd34d35ccd5b906c6 av-special-heading-h2 custom-color-heading blockquote modern-quote modern-centered  avia-builder-el-2  el_before_av_textblock  avia-builder-el-first '><h2 class='av-special-heading-tag'  itemprop=\"headline\"  >Kunden<\/h2><div class=\"special-heading-border\"><div class=\"special-heading-inner-border\"><\/div><\/div><\/div><br \/>\n\n<style type=\"text\/css\" data-created_by=\"avia_inline_auto\" id=\"style-css-av-mhxdy4zh-b987da3802bc476ed2aaf51e12664c9b\">\n#top .av_textblock_section.av-mhxdy4zh-b987da3802bc476ed2aaf51e12664c9b .avia_textblock{\nfont-size:15px;\ncolor:#ffffff;\ntext-align:center;\n}\n\n@media only screen and (min-width: 990px){ \n#top .av_textblock_section.av-mhxdy4zh-b987da3802bc476ed2aaf51e12664c9b .avia_textblock{\nfont-size:21px;\n}\n}\n\n@media only screen and (min-width: 768px) and (max-width: 989px){ \n#top .av_textblock_section.av-mhxdy4zh-b987da3802bc476ed2aaf51e12664c9b .avia_textblock{\nfont-size:13px;\n}\n}\n\n@media only screen and (min-width: 480px) and (max-width: 767px){ \n#top .av_textblock_section.av-mhxdy4zh-b987da3802bc476ed2aaf51e12664c9b .avia_textblock{\nfont-size:12px;\n}\n}\n\n@media only screen and (max-width: 479px){ \n#top .av_textblock_section.av-mhxdy4zh-b987da3802bc476ed2aaf51e12664c9b .avia_textblock{\nfont-size:10px;\n}\n}\n<\/style>\n<section  class='av_textblock_section av-mhxdy4zh-b987da3802bc476ed2aaf51e12664c9b'  itemscope=\"itemscope\" itemtype=\"https:\/\/schema.org\/CreativeWork\" ><div class='avia_textblock ppl-banner-section av_inherit_color'  itemprop=\"text\" ><p>PeopleWeek bringt Menschen und Technologie zusammen \u2013 \u00fcberall dort, wo gearbeitet wird. Ob B\u00fcro oder Klinik, Einzelhandel oder Baustelle, Bank oder Logistik: Unsere Plattform ist in jeder Branche und f\u00fcr jede Mitarbeitergr\u00f6\u00dfe m\u00fchelos einsetzbar.<\/p>\n<p><span class=\"inter-extralight\"> <b>PEOPLEWEEK UNTERST\u00dcTZT HR-PROZESSE IN \u00dcBER 20 BRANCHEN WELTWEIT. <\/b> <\/span><\/p>\n<p>Unsere Kunden teilen eine \u00dcberzeugung: Hervorragende HR-Technologie sollte das Leben erleichtern, nicht verkomplizieren. PeopleWeek entlastet Mitarbeiter, F\u00fchrungskr\u00e4fte und die Personalabteilung von administrativen Aufgaben und gibt Unternehmen so mehr Zeit, sich auf das Wesentliche zu konzentrieren \u2013 ihre Mitarbeiter und ihr Gesch\u00e4ft.<\/p>\n<p>Gerne vermitteln wir Ihnen den Kontakt zu unseren Kunden, die ihre Erfahrungen mit PeopleWeek mit Ihnen teilen.<\/p>\n<\/div><\/section><\/p><\/div><div class='flex_column_table av-mkvjt8it-8df863fd617ed35d677babbfc8c06bed sc-av_one_third av-equal-height-column-flextable'>\n<style type=\"text\/css\" data-created_by=\"avia_inline_auto\" id=\"style-css-av-mkvjt8it-8df863fd617ed35d677babbfc8c06bed\">\n#top .flex_column_table.av-equal-height-column-flextable.av-mkvjt8it-8df863fd617ed35d677babbfc8c06bed{\nmargin-top:0px;\nmargin-bottom:0px;\n}\n.flex_column.av-mkvjt8it-8df863fd617ed35d677babbfc8c06bed{\n-webkit-border-radius:0px 0px 0px 0px;\n-moz-border-radius:0px 0px 0px 0px;\nborder-radius:0px 0px 0px 0px;\npadding:0 0 0 0;\n}\n<\/style>\n<div class='flex_column av-mkvjt8it-8df863fd617ed35d677babbfc8c06bed av_one_third  avia-builder-el-4  el_after_av_one_full  el_before_av_one_third  first no_margin flex_column_table_cell av-equal-height-column av-align-middle av-animated-generic left-to-right av-zero-column-padding column-top-margin'     ><style type=\"text\/css\" data-created_by=\"avia_inline_auto\" id=\"style-css-av-mhxe454u-a595562d4281e967d77fbb495bdde594\">\n#top .av_textblock_section.av-mhxe454u-a595562d4281e967d77fbb495bdde594 .avia_textblock{\nfont-size:15px;\ncolor:#ffffff;\ntext-align:center;\n}\n\n@media only screen and (min-width: 990px){ \n#top .av_textblock_section.av-mhxe454u-a595562d4281e967d77fbb495bdde594 .avia_textblock{\nfont-size:21px;\n}\n}\n\n@media only screen and (min-width: 768px) and (max-width: 989px){ \n#top .av_textblock_section.av-mhxe454u-a595562d4281e967d77fbb495bdde594 .avia_textblock{\nfont-size:13px;\n}\n}\n\n@media only screen and (min-width: 480px) and (max-width: 767px){ \n#top .av_textblock_section.av-mhxe454u-a595562d4281e967d77fbb495bdde594 .avia_textblock{\nfont-size:12px;\n}\n}\n\n@media only screen and (max-width: 479px){ \n#top .av_textblock_section.av-mhxe454u-a595562d4281e967d77fbb495bdde594 .avia_textblock{\nfont-size:10px;\n}\n}\n<\/style>\n<section  class='av_textblock_section av-mhxe454u-a595562d4281e967d77fbb495bdde594'  itemscope=\"itemscope\" itemtype=\"https:\/\/schema.org\/CreativeWork\" ><div class='avia_textblock ppl-banner-section av_inherit_color'  itemprop=\"text\" ><p>Einzelhandel<br \/>\nBankwesen<br \/>\nBauwesen<br \/>\nImmobilien<br \/>\nVerm\u00f6gensverwaltung<br \/>\nUhrenherstellung<br \/>\nPr\u00fcfung &#038; Steuern<br \/>\nFintech<br \/>\nMedizin<br \/>\nMedien<\/p>\n<\/div><\/section><\/div>\n<style type=\"text\/css\" data-created_by=\"avia_inline_auto\" id=\"style-css-av-mkvju1vs-2d008ac6d6c68b206084221c7b7d22f0\">\n#top .flex_column_table.av-equal-height-column-flextable.av-mkvju1vs-2d008ac6d6c68b206084221c7b7d22f0{\nmargin-top:0px;\nmargin-bottom:0px;\n}\n.flex_column.av-mkvju1vs-2d008ac6d6c68b206084221c7b7d22f0{\n-webkit-border-radius:0px 0px 0px 0px;\n-moz-border-radius:0px 0px 0px 0px;\nborder-radius:0px 0px 0px 0px;\npadding:0px 0px 0px 0px;\n}\n<\/style>\n<div class='flex_column av-mkvju1vs-2d008ac6d6c68b206084221c7b7d22f0 av_one_third  avia-builder-el-6  el_after_av_one_third  el_before_av_one_third  ppl-banner-section no_margin flex_column_table_cell av-equal-height-column av-align-middle av-animated-generic left-to-right av-zero-column-padding column-top-margin'     ><style type=\"text\/css\" data-created_by=\"avia_inline_auto\" id=\"style-css-av-av_image-51cfc56ef514a40a513c0efadcff8f1a\">\n.avia-image-container.av-av_image-51cfc56ef514a40a513c0efadcff8f1a img.avia_image{\nbox-shadow:none;\n}\n.avia-image-container.av-av_image-51cfc56ef514a40a513c0efadcff8f1a .av-image-caption-overlay-center{\ncolor:#ffffff;\n}\n<\/style>\n<div  class='avia-image-container av-av_image-51cfc56ef514a40a513c0efadcff8f1a av-styling- avia-align-center  avia-builder-el-7  avia-builder-el-no-sibling '   itemprop=\"image\" itemscope=\"itemscope\" itemtype=\"https:\/\/schema.org\/ImageObject\" ><div class=\"avia-image-container-inner\"><div class=\"avia-image-overlay-wrap\"><img decoding=\"async\" class='wp-image-11028 avia-img-lazy-loading-not-11028 avia_image ' src=\"https:\/\/peopleweek.com\/wp-content\/uploads\/2025\/11\/visuel_clients-1474x1536.png\" alt='' title='visuel_clients'  height=\"1536\" width=\"1474\"  itemprop=\"thumbnailUrl\" srcset=\"https:\/\/peopleweek.com\/wp-content\/uploads\/2025\/11\/visuel_clients-1474x1536.png 1474w, https:\/\/peopleweek.com\/wp-content\/uploads\/2025\/11\/visuel_clients-288x300.png 288w, https:\/\/peopleweek.com\/wp-content\/uploads\/2025\/11\/visuel_clients-988x1030.png 988w, https:\/\/peopleweek.com\/wp-content\/uploads\/2025\/11\/visuel_clients-768x800.png 768w, https:\/\/peopleweek.com\/wp-content\/uploads\/2025\/11\/visuel_clients-1965x2048.png 1965w, https:\/\/peopleweek.com\/wp-content\/uploads\/2025\/11\/visuel_clients-1439x1500.png 1439w, https:\/\/peopleweek.com\/wp-content\/uploads\/2025\/11\/visuel_clients-676x705.png 676w\" sizes=\"(max-width: 1474px) 100vw, 1474px\" \/><\/div><\/div><\/div><\/div>\n<style type=\"text\/css\" data-created_by=\"avia_inline_auto\" id=\"style-css-av-mkvjtvtc-54164dbbcb71b9b58d193ee1dd5de134\">\n#top .flex_column_table.av-equal-height-column-flextable.av-mkvjtvtc-54164dbbcb71b9b58d193ee1dd5de134{\nmargin-top:0px;\nmargin-bottom:0px;\n}\n.flex_column.av-mkvjtvtc-54164dbbcb71b9b58d193ee1dd5de134{\n-webkit-border-radius:0px 0px 0px 0px;\n-moz-border-radius:0px 0px 0px 0px;\nborder-radius:0px 0px 0px 0px;\npadding:0 0 0 0;\n}\n<\/style>\n<div class='flex_column av-mkvjtvtc-54164dbbcb71b9b58d193ee1dd5de134 av_one_third  avia-builder-el-8  el_after_av_one_third  avia-builder-el-last  ppl-banner-section no_margin flex_column_table_cell av-equal-height-column av-align-middle av-animated-generic left-to-right av-zero-column-padding column-top-margin'     ><style type=\"text\/css\" data-created_by=\"avia_inline_auto\" id=\"style-css-av-mhxe7snb-d1513ceb34fda2f09df55d068d02c13d\">\n#top .av_textblock_section.av-mhxe7snb-d1513ceb34fda2f09df55d068d02c13d .avia_textblock{\nfont-size:15px;\ncolor:#ffffff;\ntext-align:center;\n}\n\n@media only screen and (min-width: 990px){ \n#top .av_textblock_section.av-mhxe7snb-d1513ceb34fda2f09df55d068d02c13d .avia_textblock{\nfont-size:21px;\n}\n}\n\n@media only screen and (min-width: 768px) and (max-width: 989px){ \n#top .av_textblock_section.av-mhxe7snb-d1513ceb34fda2f09df55d068d02c13d .avia_textblock{\nfont-size:13px;\n}\n}\n\n@media only screen and (min-width: 480px) and (max-width: 767px){ \n#top .av_textblock_section.av-mhxe7snb-d1513ceb34fda2f09df55d068d02c13d .avia_textblock{\nfont-size:12px;\n}\n}\n\n@media only screen and (max-width: 479px){ \n#top .av_textblock_section.av-mhxe7snb-d1513ceb34fda2f09df55d068d02c13d .avia_textblock{\nfont-size:10px;\n}\n}\n<\/style>\n<section  class='av_textblock_section av-mhxe7snb-d1513ceb34fda2f09df55d068d02c13d'  itemscope=\"itemscope\" itemtype=\"https:\/\/schema.org\/CreativeWork\" ><div class='avia_textblock ppl-banner-section av_inherit_color'  itemprop=\"text\" ><p>Mundhygiene<br \/>\nKliniken<br \/>\nKommunalverwaltung<br \/>\nE-Commerce<br \/>\nGemeinn\u00fctzige Org<br \/>\nPersonaldienstleistungen<br \/>\nSport<br \/>\nRohstoffe<br \/>\nEnergie<br \/>\nCybersicherheit<\/p>\n<\/div><\/section><\/div><\/div><!--close column table wrapper. Autoclose: 1 -->\n","protected":false},"excerpt":{"rendered":"","protected":false},"author":7,"featured_media":0,"parent":0,"menu_order":0,"comment_status":"open","ping_status":"open","template":"","meta":{"footnotes":""},"class_list":["post-3267","page","type-page","status-publish","hentry"],"yoast_head":"<!-- This site is optimized with the Yoast SEO plugin v23.8 - https:\/\/yoast.com\/wordpress\/plugins\/seo\/ -->\n<title>Kunden von PeopleWeek: Vielf\u00e4ltige Sektoren und mittelst\u00e4ndische Unternehmen<\/title>\n<meta name=\"description\" content=\"Erfahren Sie mehr \u00fcber die Vielzahl von Kunden, die PeopleWeek in verschiedenen Sektoren und unterschiedlichen mittelst\u00e4ndischen Unternehmen bedient. Lernen Sie, wie unsere L\u00f6sungen den unterschiedlichen Gesch\u00e4ftsbed\u00fcrfnissen gerecht werden.\" \/>\n<meta name=\"robots\" content=\"index, follow, max-snippet:-1, max-image-preview:large, max-video-preview:-1\" \/>\n<link rel=\"canonical\" href=\"https:\/\/peopleweek.com\/de\/kunden\/\" \/>\n<meta property=\"og:locale\" content=\"de_DE\" \/>\n<meta property=\"og:type\" content=\"article\" \/>\n<meta property=\"og:title\" content=\"Kunden von PeopleWeek: Vielf\u00e4ltige Sektoren und mittelst\u00e4ndische Unternehmen\" \/>\n<meta property=\"og:description\" content=\"Erfahren Sie mehr \u00fcber die Vielzahl von Kunden, die PeopleWeek in verschiedenen Sektoren und unterschiedlichen mittelst\u00e4ndischen Unternehmen bedient. Lernen Sie, wie unsere L\u00f6sungen den unterschiedlichen Gesch\u00e4ftsbed\u00fcrfnissen gerecht werden.\" \/>\n<meta property=\"og:url\" content=\"https:\/\/peopleweek.com\/de\/kunden\/\" \/>\n<meta property=\"og:site_name\" content=\"PeopleWeek\" \/>\n<meta property=\"article:modified_time\" content=\"2026-02-18T11:28:10+00:00\" \/>\n<meta name=\"twitter:card\" content=\"summary_large_image\" \/>\n<meta name=\"twitter:label1\" content=\"Gesch\u00e4tzte Lesezeit\" \/>\n\t<meta name=\"twitter:data1\" content=\"1\u00a0Minute\" \/>\n<script type=\"application\/ld+json\" class=\"yoast-schema-graph\">{\"@context\":\"https:\/\/schema.org\",\"@graph\":[{\"@type\":\"WebPage\",\"@id\":\"https:\/\/peopleweek.com\/de\/kunden\/\",\"url\":\"https:\/\/peopleweek.com\/de\/kunden\/\",\"name\":\"Kunden von PeopleWeek: Vielf\u00e4ltige Sektoren und mittelst\u00e4ndische Unternehmen\",\"isPartOf\":{\"@id\":\"https:\/\/peopleweek.com\/en\/#website\"},\"datePublished\":\"2015-07-16T09:12:44+00:00\",\"dateModified\":\"2026-02-18T11:28:10+00:00\",\"description\":\"Erfahren Sie mehr \u00fcber die Vielzahl von Kunden, die PeopleWeek in verschiedenen Sektoren und unterschiedlichen mittelst\u00e4ndischen Unternehmen bedient. Lernen Sie, wie unsere L\u00f6sungen den unterschiedlichen Gesch\u00e4ftsbed\u00fcrfnissen gerecht werden.\",\"breadcrumb\":{\"@id\":\"https:\/\/peopleweek.com\/de\/kunden\/#breadcrumb\"},\"inLanguage\":\"de\",\"potentialAction\":[{\"@type\":\"ReadAction\",\"target\":[\"https:\/\/peopleweek.com\/de\/kunden\/\"]}]},{\"@type\":\"BreadcrumbList\",\"@id\":\"https:\/\/peopleweek.com\/de\/kunden\/#breadcrumb\",\"itemListElement\":[{\"@type\":\"ListItem\",\"position\":1,\"name\":\"Home\",\"item\":\"https:\/\/peopleweek.com\/de\/\"},{\"@type\":\"ListItem\",\"position\":2,\"name\":\"Kunden\"}]},{\"@type\":\"WebSite\",\"@id\":\"https:\/\/peopleweek.com\/en\/#website\",\"url\":\"https:\/\/peopleweek.com\/en\/\",\"name\":\"PeopleWeek\",\"description\":\"\",\"publisher\":{\"@id\":\"https:\/\/peopleweek.com\/en\/#organization\"},\"potentialAction\":[{\"@type\":\"SearchAction\",\"target\":{\"@type\":\"EntryPoint\",\"urlTemplate\":\"https:\/\/peopleweek.com\/en\/?s={search_term_string}\"},\"query-input\":{\"@type\":\"PropertyValueSpecification\",\"valueRequired\":true,\"valueName\":\"search_term_string\"}}],\"inLanguage\":\"de\"},{\"@type\":\"Organization\",\"@id\":\"https:\/\/peopleweek.com\/en\/#organization\",\"name\":\"PeopleWeek\",\"url\":\"https:\/\/peopleweek.com\/en\/\",\"logo\":{\"@type\":\"ImageObject\",\"inLanguage\":\"de\",\"@id\":\"https:\/\/peopleweek.com\/en\/#\/schema\/logo\/image\/\",\"url\":\"https:\/\/peopleweek.com\/wp-content\/uploads\/2024\/11\/pw-logo.png\",\"contentUrl\":\"https:\/\/peopleweek.com\/wp-content\/uploads\/2024\/11\/pw-logo.png\",\"width\":1484,\"height\":306,\"caption\":\"PeopleWeek\"},\"image\":{\"@id\":\"https:\/\/peopleweek.com\/en\/#\/schema\/logo\/image\/\"}}]}<\/script>\n<!-- \/ Yoast SEO plugin. -->","yoast_head_json":{"title":"Kunden von PeopleWeek: Vielf\u00e4ltige Sektoren und mittelst\u00e4ndische Unternehmen","description":"Erfahren Sie mehr \u00fcber die Vielzahl von Kunden, die PeopleWeek in verschiedenen Sektoren und unterschiedlichen mittelst\u00e4ndischen Unternehmen bedient. Lernen Sie, wie unsere L\u00f6sungen den unterschiedlichen Gesch\u00e4ftsbed\u00fcrfnissen gerecht werden.","robots":{"index":"index","follow":"follow","max-snippet":"max-snippet:-1","max-image-preview":"max-image-preview:large","max-video-preview":"max-video-preview:-1"},"canonical":"https:\/\/peopleweek.com\/de\/kunden\/","og_locale":"de_DE","og_type":"article","og_title":"Kunden von PeopleWeek: Vielf\u00e4ltige Sektoren und mittelst\u00e4ndische Unternehmen","og_description":"Erfahren Sie mehr \u00fcber die Vielzahl von Kunden, die PeopleWeek in verschiedenen Sektoren und unterschiedlichen mittelst\u00e4ndischen Unternehmen bedient. Lernen Sie, wie unsere L\u00f6sungen den unterschiedlichen Gesch\u00e4ftsbed\u00fcrfnissen gerecht werden.","og_url":"https:\/\/peopleweek.com\/de\/kunden\/","og_site_name":"PeopleWeek","article_modified_time":"2026-02-18T11:28:10+00:00","twitter_card":"summary_large_image","twitter_misc":{"Gesch\u00e4tzte Lesezeit":"1\u00a0Minute"},"schema":{"@context":"https:\/\/schema.org","@graph":[{"@type":"WebPage","@id":"https:\/\/peopleweek.com\/de\/kunden\/","url":"https:\/\/peopleweek.com\/de\/kunden\/","name":"Kunden von PeopleWeek: Vielf\u00e4ltige Sektoren und mittelst\u00e4ndische Unternehmen","isPartOf":{"@id":"https:\/\/peopleweek.com\/en\/#website"},"datePublished":"2015-07-16T09:12:44+00:00","dateModified":"2026-02-18T11:28:10+00:00","description":"Erfahren Sie mehr \u00fcber die Vielzahl von Kunden, die PeopleWeek in verschiedenen Sektoren und unterschiedlichen mittelst\u00e4ndischen Unternehmen bedient. Lernen Sie, wie unsere L\u00f6sungen den unterschiedlichen Gesch\u00e4ftsbed\u00fcrfnissen gerecht werden.","breadcrumb":{"@id":"https:\/\/peopleweek.com\/de\/kunden\/#breadcrumb"},"inLanguage":"de","potentialAction":[{"@type":"ReadAction","target":["https:\/\/peopleweek.com\/de\/kunden\/"]}]},{"@type":"BreadcrumbList","@id":"https:\/\/peopleweek.com\/de\/kunden\/#breadcrumb","itemListElement":[{"@type":"ListItem","position":1,"name":"Home","item":"https:\/\/peopleweek.com\/de\/"},{"@type":"ListItem","position":2,"name":"Kunden"}]},{"@type":"WebSite","@id":"https:\/\/peopleweek.com\/en\/#website","url":"https:\/\/peopleweek.com\/en\/","name":"PeopleWeek","description":"","publisher":{"@id":"https:\/\/peopleweek.com\/en\/#organization"},"potentialAction":[{"@type":"SearchAction","target":{"@type":"EntryPoint","urlTemplate":"https:\/\/peopleweek.com\/en\/?s={search_term_string}"},"query-input":{"@type":"PropertyValueSpecification","valueRequired":true,"valueName":"search_term_string"}}],"inLanguage":"de"},{"@type":"Organization","@id":"https:\/\/peopleweek.com\/en\/#organization","name":"PeopleWeek","url":"https:\/\/peopleweek.com\/en\/","logo":{"@type":"ImageObject","inLanguage":"de","@id":"https:\/\/peopleweek.com\/en\/#\/schema\/logo\/image\/","url":"https:\/\/peopleweek.com\/wp-content\/uploads\/2024\/11\/pw-logo.png","contentUrl":"https:\/\/peopleweek.com\/wp-content\/uploads\/2024\/11\/pw-logo.png","width":1484,"height":306,"caption":"PeopleWeek"},"image":{"@id":"https:\/\/peopleweek.com\/en\/#\/schema\/logo\/image\/"}}]}},"_links":{"self":[{"href":"https:\/\/peopleweek.com\/de\/wp-json\/wp\/v2\/pages\/3267","targetHints":{"allow":["GET"]}}],"collection":[{"href":"https:\/\/peopleweek.com\/de\/wp-json\/wp\/v2\/pages"}],"about":[{"href":"https:\/\/peopleweek.com\/de\/wp-json\/wp\/v2\/types\/page"}],"author":[{"embeddable":true,"href":"https:\/\/peopleweek.com\/de\/wp-json\/wp\/v2\/users\/7"}],"replies":[{"embeddable":true,"href":"https:\/\/peopleweek.com\/de\/wp-json\/wp\/v2\/comments?post=3267"}],"version-history":[{"count":140,"href":"https:\/\/peopleweek.com\/de\/wp-json\/wp\/v2\/pages\/3267\/revisions"}],"predecessor-version":[{"id":11589,"href":"https:\/\/peopleweek.com\/de\/wp-json\/wp\/v2\/pages\/3267\/revisions\/11589"}],"wp:attachment":[{"href":"https:\/\/peopleweek.com\/de\/wp-json\/wp\/v2\/media?parent=3267"}],"curies":[{"name":"wp","href":"https:\/\/api.w.org\/{rel}","templated":true}]}}